{"id":735,"date":"2020-08-03T09:08:09","date_gmt":"2020-08-03T07:08:09","guid":{"rendered":"http:\/\/lagrandemoucherolle.com\/?page_id=735"},"modified":"2023-06-16T12:45:16","modified_gmt":"2023-06-16T10:45:16","slug":"introduction-2","status":"publish","type":"page","link":"http:\/\/lagrandemoucherolle.com\/?page_id=735","title":{"rendered":"Introduction"},"content":{"rendered":"\n<p class=\"has-medium-font-size\">La Ferme de la Grande Moucherolle est une ancienne b\u00e2tisse traditionnelle de plus de 300 ans. Bien qu\u2019elle ne soit plus aujourd\u2019hui une exploitation agricole, elle garde en elle les traces d\u2019une longue et riche histoire au service des gens du Vercors. Depuis dix ans, restaur\u00e9e avec passion, elle allie authenticit\u00e9 et confort pour offrir \u00e0 ses h\u00f4tes un lieu d\u2019immersion chaleureux au c\u0153ur des montagnes et du patrimoine du Vercors.<\/p>\n\n\n\n<div class=\"wp-block-image\"><figure class=\"aligncenter size-large\"><img loading=\"lazy\" decoding=\"async\" width=\"1024\" height=\"768\" src=\"http:\/\/lagrandemoucherolle.com\/wp-content\/uploads\/2020\/08\/P1040786-1024x768.jpg\" alt=\"\" class=\"wp-image-617\" srcset=\"http:\/\/lagrandemoucherolle.com\/wp-content\/uploads\/2020\/08\/P1040786-1024x768.jpg 1024w, http:\/\/lagrandemoucherolle.com\/wp-content\/uploads\/2020\/08\/P1040786-300x225.jpg 300w, http:\/\/lagrandemoucherolle.com\/wp-content\/uploads\/2020\/08\/P1040786-768x576.jpg 768w, http:\/\/lagrandemoucherolle.com\/wp-content\/uploads\/2020\/08\/P1040786-1536x1152.jpg 1536w, http:\/\/lagrandemoucherolle.com\/wp-content\/uploads\/2020\/08\/P1040786-2048x1536.jpg 2048w\" sizes=\"auto, (max-width: 1024px) 100vw, 1024px\" \/><\/figure><\/div>\n\n\n\n<p class=\"has-medium-font-size\">La Ferme de la Grande Moucherolle est une b\u00e2tisse lumineuse et a\u00e9r\u00e9e avec les 140 m2 habitables de la maison de vacances. Elle dispose de 4 chambres doubles, de 3 salles de bains et d&#8217;un grand salon ouvert sur la salle \u00e0 manger et la cuisine am\u00e9nag\u00e9e. <\/p>\n\n\n\n<p class=\"has-medium-font-size\">Durant les vacances scolaires et les longs weekends, elle peut \u00eatre lou\u00e9e en tant que maison de vacances compl\u00e8te pouvant accueillir jusqu&#8217;\u00e0 8 personnes. En dehors de ces p\u00e9riodes, nous serons heureux de vous accueillir dans une de nos chambres d&#8217;h\u00f4tes avec petit d\u00e9jeuner.<\/p>\n\n\n\n<figure class=\"wp-block-image size-large\"><img loading=\"lazy\" decoding=\"async\" width=\"1024\" height=\"768\" src=\"http:\/\/lagrandemoucherolle.com\/wp-content\/uploads\/2020\/08\/P1040649-1024x768.jpg\" alt=\"\" class=\"wp-image-571\" srcset=\"http:\/\/lagrandemoucherolle.com\/wp-content\/uploads\/2020\/08\/P1040649-1024x768.jpg 1024w, http:\/\/lagrandemoucherolle.com\/wp-content\/uploads\/2020\/08\/P1040649-300x225.jpg 300w, http:\/\/lagrandemoucherolle.com\/wp-content\/uploads\/2020\/08\/P1040649-768x576.jpg 768w, http:\/\/lagrandemoucherolle.com\/wp-content\/uploads\/2020\/08\/P1040649-1536x1152.jpg 1536w, http:\/\/lagrandemoucherolle.com\/wp-content\/uploads\/2020\/08\/P1040649-2048x1536.jpg 2048w\" sizes=\"auto, (max-width: 1024px) 100vw, 1024px\" \/><\/figure>\n\n\n\n<p class=\"has-medium-font-size\">Elle est situ\u00e9e \u00e0 2 km \u00e0 pied du c\u0153ur du village de Villard de Lans,  sur la c\u00e9l\u00e8bre piste cyclable Via Vercors.  Ce village du Vercors avec ses nombreux caf\u00e9s et restaurants, cin\u00e9ma, patinoire et piscine&#8230; offre aux vacanciers de nombreuses possibilit\u00e9s de d\u00e9tentes et d&#8217;activit\u00e9s  <\/p>\n\n\n\n<div class=\"wp-block-image\"><figure class=\"aligncenter size-large\"><img loading=\"lazy\" decoding=\"async\" width=\"1024\" height=\"768\" src=\"http:\/\/lagrandemoucherolle.com\/wp-content\/uploads\/2020\/08\/P1040805-1024x768.jpg\" alt=\"\" class=\"wp-image-612\" srcset=\"http:\/\/lagrandemoucherolle.com\/wp-content\/uploads\/2020\/08\/P1040805-1024x768.jpg 1024w, http:\/\/lagrandemoucherolle.com\/wp-content\/uploads\/2020\/08\/P1040805-300x225.jpg 300w, http:\/\/lagrandemoucherolle.com\/wp-content\/uploads\/2020\/08\/P1040805-768x576.jpg 768w, http:\/\/lagrandemoucherolle.com\/wp-content\/uploads\/2020\/08\/P1040805-1536x1152.jpg 1536w, http:\/\/lagrandemoucherolle.com\/wp-content\/uploads\/2020\/08\/P1040805-2048x1536.jpg 2048w\" sizes=\"auto, (max-width: 1024px) 100vw, 1024px\" \/><\/figure><\/div>\n\n\n\n<p class=\"has-medium-font-size\">En hiver, la Ferme de la Grande Moucherolle offre un acc\u00e8s facile aux stations de ski alpin et de ski de fond les plus populaires du Vercors.<\/p>\n\n\n\n<div class=\"wp-block-image\"><figure class=\"aligncenter size-large\"><img loading=\"lazy\" decoding=\"async\" width=\"1024\" height=\"768\" src=\"http:\/\/lagrandemoucherolle.com\/wp-content\/uploads\/2020\/08\/P1040501-1024x768.jpg\" alt=\"\" class=\"wp-image-626\" srcset=\"http:\/\/lagrandemoucherolle.com\/wp-content\/uploads\/2020\/08\/P1040501-1024x768.jpg 1024w, http:\/\/lagrandemoucherolle.com\/wp-content\/uploads\/2020\/08\/P1040501-300x225.jpg 300w, http:\/\/lagrandemoucherolle.com\/wp-content\/uploads\/2020\/08\/P1040501-768x576.jpg 768w, http:\/\/lagrandemoucherolle.com\/wp-content\/uploads\/2020\/08\/P1040501-1536x1152.jpg 1536w, http:\/\/lagrandemoucherolle.com\/wp-content\/uploads\/2020\/08\/P1040501-2048x1536.jpg 2048w\" sizes=\"auto, (max-width: 1024px) 100vw, 1024px\" \/><\/figure><\/div>\n\n\n\n<hr class=\"wp-block-separator\"\/>\n\n\n\n<h3 class=\"wp-block-heading\"><strong>Adresse et coordonn\u00e9es<\/strong><\/h3>\n\n\n\n<div class=\"wp-block-image\"><figure class=\"aligncenter size-large is-resized\"><img loading=\"lazy\" decoding=\"async\" src=\"http:\/\/lagrandemoucherolle.com\/wp-content\/uploads\/2020\/08\/FGM2-01-1024x352.jpg\" alt=\"\" class=\"wp-image-732\" width=\"480\" height=\"164\" srcset=\"http:\/\/lagrandemoucherolle.com\/wp-content\/uploads\/2020\/08\/FGM2-01-1024x352.jpg 1024w, http:\/\/lagrandemoucherolle.com\/wp-content\/uploads\/2020\/08\/FGM2-01-300x103.jpg 300w, http:\/\/lagrandemoucherolle.com\/wp-content\/uploads\/2020\/08\/FGM2-01-768x264.jpg 768w, http:\/\/lagrandemoucherolle.com\/wp-content\/uploads\/2020\/08\/FGM2-01.jpg 1284w\" sizes=\"auto, (max-width: 480px) 100vw, 480px\" \/><\/figure><\/div>\n\n\n\n<p class=\"has-text-align-center has-medium-font-size\">95 Chemin de la Bourne, Les Geymonds<br>38250 Villard de Lans<br>France<br><br>Tel: 06 30952314 (francais)  +33 621110691 (English, Nederlands)<br>E-mail: andre@lagrandemoucherolle.com<\/p>\n\n\n\n<hr class=\"wp-block-separator\"\/>\n\n\n<p><a class=\"evbookingbutton\" href=\"http:\/\/via.eviivo.com\/fr-FR\/\nmoucherolle38250\">RESERVER MAINTENANT<\/a><\/p>\n<style>\n.evbookingbutton {\ndisplay: block;\nmargin: 0 auto;\nwidth: 30%;\ntext-align: center;\nvertical-align: middle;\npadding: 15px 30px;\nborder: 1px solid #446e08;\nborder-radius: 8px;\nbackground: #6fb30d;\nbackground: -webkitgradient(linear, left top, left\nbottom, from(#6fb30d),\nto(#446e08));\nbackground: -moz-lineargradient(top, #6fb30d,\n#446e08);\nbackground: linear-gradient(to\nbottom, #6fb30d, #446e08);\nfont: normal normal bold 20px\narial;\ncolor: #ffffff;\ntext-decoration: none;\n}\n<\/style>\n","protected":false},"excerpt":{"rendered":"<p>La Ferme de la Grande Moucherolle est une ancienne b\u00e2tisse traditionnelle de plus de 300 ans. Bien qu\u2019elle ne soit plus aujourd\u2019hui une exploitation agricole, elle garde en elle les traces d\u2019une longue et riche histoire au service des gens du Vercors. Depuis dix ans, restaur\u00e9e avec passion, elle allie authenticit\u00e9 et confort pour offrir \u00e0 ses h\u00f4tes un lieu d\u2019immersion chaleureux au c\u0153ur des [&hellip;]<\/p>\n","protected":false},"author":1,"featured_media":0,"parent":0,"menu_order":0,"comment_status":"closed","ping_status":"closed","template":"","meta":{"footnotes":""},"class_list":["post-735","page","type-page","status-publish","hentry"],"_links":{"self":[{"href":"http:\/\/lagrandemoucherolle.com\/index.php?rest_route=\/wp\/v2\/pages\/735","targetHints":{"allow":["GET"]}}],"collection":[{"href":"http:\/\/lagrandemoucherolle.com\/index.php?rest_route=\/wp\/v2\/pages"}],"about":[{"href":"http:\/\/lagrandemoucherolle.com\/index.php?rest_route=\/wp\/v2\/types\/page"}],"author":[{"embeddable":true,"href":"http:\/\/lagrandemoucherolle.com\/index.php?rest_route=\/wp\/v2\/users\/1"}],"replies":[{"embeddable":true,"href":"http:\/\/lagrandemoucherolle.com\/index.php?rest_route=%2Fwp%2Fv2%2Fcomments&post=735"}],"version-history":[{"count":15,"href":"http:\/\/lagrandemoucherolle.com\/index.php?rest_route=\/wp\/v2\/pages\/735\/revisions"}],"predecessor-version":[{"id":1127,"href":"http:\/\/lagrandemoucherolle.com\/index.php?rest_route=\/wp\/v2\/pages\/735\/revisions\/1127"}],"wp:attachment":[{"href":"http:\/\/lagrandemoucherolle.com\/index.php?rest_route=%2Fwp%2Fv2%2Fmedia&parent=735"}],"curies":[{"name":"wp","href":"https:\/\/api.w.org\/{rel}","templated":true}]}}